{"id":2381,"date":"2020-12-20T15:56:11","date_gmt":"2020-12-20T15:56:11","guid":{"rendered":"https:\/\/pacific-cross-wp.eastplayers.io\/?page_id=2381"},"modified":"2021-07-16T16:03:34","modified_gmt":"2021-07-16T09:03:34","slug":"policies-that-protect-you-for-life","status":"publish","type":"page","link":"https:\/\/pacificcross.com.vn\/vi\/policies-that-protect-you-for-life\/","title":{"rendered":"C\u00e1c ch\u00ednh s\u00e1ch gi\u00fap b\u1ea3o v\u1ec7 b\u1ea1n su\u1ed1t \u0111\u1eddi"},"content":{"rendered":"","protected":false},"excerpt":{"rendered":"","protected":false},"author":1,"featured_media":4025,"parent":0,"menu_order":0,"comment_status":"closed","ping_status":"closed","template":"part-templates\/guarantees-payment.php","meta":{"content-type":"","inline_featured_image":false},"acf":[],"_links":{"self":[{"href":"https:\/\/pacificcross.com.vn\/vi\/wp-json\/wp\/v2\/pages\/2381"}],"collection":[{"href":"https:\/\/pacificcross.com.vn\/vi\/wp-json\/wp\/v2\/pages"}],"about":[{"href":"https:\/\/pacificcross.com.vn\/vi\/wp-json\/wp\/v2\/types\/page"}],"author":[{"embeddable":true,"href":"https:\/\/pacificcross.com.vn\/vi\/wp-json\/wp\/v2\/users\/1"}],"replies":[{"embeddable":true,"href":"https:\/\/pacificcross.com.vn\/vi\/wp-json\/wp\/v2\/comments?post=2381"}],"version-history":[{"count":0,"href":"https:\/\/pacificcross.com.vn\/vi\/wp-json\/wp\/v2\/pages\/2381\/revisions"}],"wp:featuredmedia":[{"embeddable":true,"href":"https:\/\/pacificcross.com.vn\/vi\/wp-json\/wp\/v2\/media\/4025"}],"wp:attachment":[{"href":"https:\/\/pacificcross.com.vn\/vi\/wp-json\/wp\/v2\/media?parent=2381"}],"curies":[{"name":"wp","href":"https:\/\/api.w.org\/{rel}","templated":true}]}}