{"id":2910,"date":"2020-11-25T09:10:48","date_gmt":"2020-11-25T09:10:48","guid":{"rendered":"https:\/\/pacific-cross-wp.eastplayers.io\/case-management\/"},"modified":"2021-07-16T09:58:59","modified_gmt":"2021-07-16T02:58:59","slug":"case-management","status":"publish","type":"page","link":"https:\/\/pacificcross.com.vn\/vi\/case-management\/","title":{"rendered":"Qu\u1ea3n l\u00fd c\u00e1c t\u00ecnh hu\u1ed1ng y t\u1ebf kh\u1ea9n c\u1ea5p"},"content":{"rendered":"","protected":false},"excerpt":{"rendered":"","protected":false},"author":1,"featured_media":2733,"parent":0,"menu_order":0,"comment_status":"closed","ping_status":"closed","template":"part-templates\/policy-for-life.php","meta":{"content-type":"","inline_featured_image":false},"acf":[],"_links":{"self":[{"href":"https:\/\/pacificcross.com.vn\/vi\/wp-json\/wp\/v2\/pages\/2910"}],"collection":[{"href":"https:\/\/pacificcross.com.vn\/vi\/wp-json\/wp\/v2\/pages"}],"about":[{"href":"https:\/\/pacificcross.com.vn\/vi\/wp-json\/wp\/v2\/types\/page"}],"author":[{"embeddable":true,"href":"https:\/\/pacificcross.com.vn\/vi\/wp-json\/wp\/v2\/users\/1"}],"replies":[{"embeddable":true,"href":"https:\/\/pacificcross.com.vn\/vi\/wp-json\/wp\/v2\/comments?post=2910"}],"version-history":[{"count":0,"href":"https:\/\/pacificcross.com.vn\/vi\/wp-json\/wp\/v2\/pages\/2910\/revisions"}],"wp:featuredmedia":[{"embeddable":true,"href":"https:\/\/pacificcross.com.vn\/vi\/wp-json\/wp\/v2\/media\/2733"}],"wp:attachment":[{"href":"https:\/\/pacificcross.com.vn\/vi\/wp-json\/wp\/v2\/media?parent=2910"}],"curies":[{"name":"wp","href":"https:\/\/api.w.org\/{rel}","templated":true}]}}