{"id":34605,"date":"2022-05-12T10:44:31","date_gmt":"2022-05-12T03:44:31","guid":{"rendered":"https:\/\/pacificcross.com.vn\/?page_id=34605"},"modified":"2022-05-12T10:49:36","modified_gmt":"2022-05-12T03:49:36","slug":"phat-trien-san-pham","status":"publish","type":"page","link":"https:\/\/pacificcross.com.vn\/vi\/phat-trien-san-pham\/","title":{"rendered":"Ph\u00e1t tri\u1ec3n s\u1ea3n ph\u1ea9m"},"content":{"rendered":"<h1><strong>Ph\u00e1t tri\u1ec3n s\u1ea3n ph\u1ea9m<\/strong><\/h1>\n<p><img loading=\"lazy\" class=\"wp-image-34437 alignright\" src=\"https:\/\/pacificcross.com.vn\/wp-content\/uploads\/2022\/05\/2140245815-1024x594.jpg\" alt=\"Ph\u00e1t tri\u1ec3n s\u1ea3n ph\u1ea9m, b\u1ea3o hi\u1ec3m, TPA services\" width=\"497\" height=\"288\" srcset=\"https:\/\/pacificcross.com.vn\/wp-content\/uploads\/2022\/05\/2140245815-1024x594.jpg 1024w, https:\/\/pacificcross.com.vn\/wp-content\/uploads\/2022\/05\/2140245815-300x174.jpg 300w, https:\/\/pacificcross.com.vn\/wp-content\/uploads\/2022\/05\/2140245815-768x446.jpg 768w, https:\/\/pacificcross.com.vn\/wp-content\/uploads\/2022\/05\/2140245815-1536x891.jpg 1536w, https:\/\/pacificcross.com.vn\/wp-content\/uploads\/2022\/05\/2140245815-2048x1188.jpg 2048w\" sizes=\"(max-width: 497px) 100vw, 497px\" \/><\/p>\n<p>M\u1ed9t trong nh\u1eefng ch\u00eca kh\u00f3a th\u00e0nh c\u00f4ng c\u1ee7a c\u00e1c doanh nghi\u1ec7p b\u1ea3o hi\u1ec3m hi\u1ec7n nay ch\u00ednh l\u00e0 s\u1edf h\u1eefu s\u1ea3n ph\u1ea9m b\u1ea3o hi\u1ec3m ph\u00f9 h\u1ee3p v\u1edbi nhu c\u1ea7u c\u1ee7a th\u1ecb tr\u01b0\u1eddng.<\/p>\n<p>H\u01b0\u1edbng \u0111\u1ebfn gi\u00e1 tr\u1ecb n\u00e0y, Pacific Cross Vi\u1ec7t Nam kh\u00f4ng nh\u1eefng v\u1eadn d\u1ee5ng linh ho\u1ea1t v\u1ed1n kinh nghi\u1ec7m chuy\u00ean m\u00f4n trong l\u0129nh v\u1ef1c b\u1ea3o hi\u1ec3m s\u1ee9c kh\u1ecfe\/ b\u1ea3o hi\u1ec3m du l\u1ecbch, ch\u00fang t\u00f4i c\u00f2n t\u1eadn d\u1ee5ng to\u00e0n di\u1ec7n ngu\u1ed3n s\u1ed1 li\u1ec7u r\u1ed9ng l\u1edbn, \u0111\u1ed9c quy\u1ec1n ph\u1ee5c v\u1ee5 cho vi\u1ec7c ph\u00e1t tri\u1ec3n s\u1ea3n ph\u1ea9m m\u1ed9t c\u00e1ch hi\u1ec7u qu\u1ea3 v\u00e0 t\u1ed1i \u01b0u nh\u1ea5t.<\/p>\n<p><a href=\"https:\/\/pacificcross.com.vn\/vi\/lien-he\/\">Li\u00ean h\u1ec7 v\u1edbi ch\u00fang t\u00f4i<\/a> \u0111\u1ec3 bi\u1ebft th\u00eam th\u00f4ng tin chi ti\u1ebft!<\/p>\n","protected":false},"excerpt":{"rendered":"<p>Ph\u00e1t tri\u1ec3n s\u1ea3n ph\u1ea9m M\u1ed9t trong nh\u1eefng ch\u00eca kh\u00f3a th\u00e0nh c\u00f4ng c\u1ee7a c\u00e1c doanh nghi\u1ec7p b\u1ea3o hi\u1ec3m hi\u1ec7n nay ch\u00ednh l\u00e0 s\u1edf h\u1eefu s\u1ea3n ph\u1ea9m b\u1ea3o hi\u1ec3m ph\u00f9 h\u1ee3p v\u1edbi nhu c\u1ea7u c\u1ee7a th\u1ecb tr\u01b0\u1eddng. H\u01b0\u1edbng \u0111\u1ebfn gi\u00e1 tr\u1ecb n\u00e0y, Pacific Cross Vi\u1ec7t Nam kh\u00f4ng nh\u1eefng v\u1eadn d\u1ee5ng linh ho\u1ea1t v\u1ed1n kinh nghi\u1ec7m chuy\u00ean m\u00f4n [&hellip;]<\/p>\n","protected":false},"author":7,"featured_media":0,"parent":0,"menu_order":0,"comment_status":"closed","ping_status":"closed","template":"","meta":{"content-type":"","inline_featured_image":false},"acf":[],"_links":{"self":[{"href":"https:\/\/pacificcross.com.vn\/vi\/wp-json\/wp\/v2\/pages\/34605"}],"collection":[{"href":"https:\/\/pacificcross.com.vn\/vi\/wp-json\/wp\/v2\/pages"}],"about":[{"href":"https:\/\/pacificcross.com.vn\/vi\/wp-json\/wp\/v2\/types\/page"}],"author":[{"embeddable":true,"href":"https:\/\/pacificcross.com.vn\/vi\/wp-json\/wp\/v2\/users\/7"}],"replies":[{"embeddable":true,"href":"https:\/\/pacificcross.com.vn\/vi\/wp-json\/wp\/v2\/comments?post=34605"}],"version-history":[{"count":0,"href":"https:\/\/pacificcross.com.vn\/vi\/wp-json\/wp\/v2\/pages\/34605\/revisions"}],"wp:attachment":[{"href":"https:\/\/pacificcross.com.vn\/vi\/wp-json\/wp\/v2\/media?parent=34605"}],"curies":[{"name":"wp","href":"https:\/\/api.w.org\/{rel}","templated":true}]}}