{"id":34610,"date":"2022-05-12T10:56:27","date_gmt":"2022-05-12T03:56:27","guid":{"rendered":"https:\/\/pacificcross.com.vn\/?page_id=34610"},"modified":"2022-05-12T11:02:51","modified_gmt":"2022-05-12T04:02:51","slug":"tham-dinh-rui-ro","status":"publish","type":"page","link":"https:\/\/pacificcross.com.vn\/vi\/tham-dinh-rui-ro\/","title":{"rendered":"Th\u1ea9m \u0111\u1ecbnh r\u1ee7i ro"},"content":{"rendered":"<h1><strong>Th\u1ea9m \u0111\u1ecbnh r\u1ee7i ro<\/strong><\/h1>\n<p><img loading=\"lazy\" class=\" wp-image-34462 alignright\" src=\"https:\/\/pacificcross.com.vn\/wp-content\/uploads\/2022\/05\/2119635755-1024x540.jpg\" alt=\"Th\u1ea9m \u0111\u1ecbnh r\u1ee7i ro b\u1ea3o hi\u1ec3m, Pacific Cross Vi\u1ec7t Nam\" width=\"565\" height=\"298\" srcset=\"https:\/\/pacificcross.com.vn\/wp-content\/uploads\/2022\/05\/2119635755-1024x540.jpg 1024w, https:\/\/pacificcross.com.vn\/wp-content\/uploads\/2022\/05\/2119635755-300x158.jpg 300w, https:\/\/pacificcross.com.vn\/wp-content\/uploads\/2022\/05\/2119635755-768x405.jpg 768w, https:\/\/pacificcross.com.vn\/wp-content\/uploads\/2022\/05\/2119635755-1536x810.jpg 1536w, https:\/\/pacificcross.com.vn\/wp-content\/uploads\/2022\/05\/2119635755-2048x1080.jpg 2048w\" sizes=\"(max-width: 565px) 100vw, 565px\" \/><\/p>\n<p>V\u1edbi th\u1ebf m\u1ea1nh chuy\u00ean m\u00f4n trong nghi\u1ec7p v\u1ee5 th\u1ea9m \u0111\u1ecbnh r\u1ee7i ro v\u00e0 th\u00e2m ni\u00ean ho\u1ea1t \u0111\u1ed9ng trong l\u0129nh v\u1ef1c b\u1ea3o hi\u1ec3m s\u1ee9c kh\u1ecfe, \u0111\u1ed9i ng\u0169 chuy\u00ean vi\u00ean t\u1ea1i Pacific Cross Vi\u1ec7t Nam lu\u00f4n h\u01b0\u1edbng \u0111\u1ebfn quy tr\u00ecnh th\u1ea9m \u0111\u1ecbnh \u0111\u00fang chu\u1ea9n v\u00e0 s\u1ef1 l\u1ef1a ch\u1ecdn r\u1ee7i ro ch\u00ednh x\u00e1c, v\u00ec s\u1ef1 \u1ed5n \u0111\u1ecbnh v\u00e0 b\u1ec1n v\u1eefng c\u1ee7a c\u00e1c doanh nghi\u1ec7p \u0111\u1ed1i t\u00e1c.<\/p>\n<p>Ch\u00fang t\u00f4i c\u0169ng hi\u1ec3u r\u1eb1ng vi\u1ec7c s\u1edf h\u1eefu m\u1ed9t ch\u01b0\u01a1ng tr\u00ecnh b\u1ea3o hi\u1ec3m l\u00e0 mong mu\u1ed1n c\u1ee7a r\u1ea5t nhi\u1ec1u ng\u01b0\u1eddi, \u0111\u1eb7c bi\u1ec7t l\u00e0 nh\u1eefng ai \u0111\u00e3 c\u00f3 t\u00ecnh tr\u1ea1ng t\u1ed3n t\u1ea1i tr\u01b0\u1edbc. V\u00ec v\u1eady, t\u00ednh c\u00f4ng b\u1eb1ng v\u00e0 nh\u00e2n v\u0103n trong k\u1ebft qu\u1ea3 th\u1ea9m \u0111\u1ecbnh l\u00e0 m\u1ed9t trong nh\u1eefng gi\u00e1 tr\u1ecb m\u00e0 ch\u00fang t\u00f4i lu\u00f4n n\u1ed7 l\u1ef1c mang \u0111\u1ebfn cho c\u00e1c kh\u00e1ch h\u00e0ng tham gia b\u1ea3o hi\u1ec3m.<\/p>\n<p><a href=\"https:\/\/pacificcross.com.vn\/vi\/lien-he\/\">Li\u00ean h\u1ec7 ch\u00fang t\u00f4i<\/a> \u0111\u1ec3 bi\u1ebft th\u00eam v\u1ec1 th\u00f4ng tin d\u1ecbch v\u1ee5!<\/p>\n","protected":false},"excerpt":{"rendered":"<p>Th\u1ea9m \u0111\u1ecbnh r\u1ee7i ro V\u1edbi th\u1ebf m\u1ea1nh chuy\u00ean m\u00f4n trong nghi\u1ec7p v\u1ee5 th\u1ea9m \u0111\u1ecbnh r\u1ee7i ro v\u00e0 th\u00e2m ni\u00ean ho\u1ea1t \u0111\u1ed9ng trong l\u0129nh v\u1ef1c b\u1ea3o hi\u1ec3m s\u1ee9c kh\u1ecfe, \u0111\u1ed9i ng\u0169 chuy\u00ean vi\u00ean t\u1ea1i Pacific Cross Vi\u1ec7t Nam lu\u00f4n h\u01b0\u1edbng \u0111\u1ebfn quy tr\u00ecnh th\u1ea9m \u0111\u1ecbnh \u0111\u00fang chu\u1ea9n v\u00e0 s\u1ef1 l\u1ef1a ch\u1ecdn r\u1ee7i ro ch\u00ednh x\u00e1c, v\u00ec [&hellip;]<\/p>\n","protected":false},"author":7,"featured_media":0,"parent":0,"menu_order":0,"comment_status":"closed","ping_status":"closed","template":"","meta":{"content-type":"","inline_featured_image":false},"acf":[],"_links":{"self":[{"href":"https:\/\/pacificcross.com.vn\/vi\/wp-json\/wp\/v2\/pages\/34610"}],"collection":[{"href":"https:\/\/pacificcross.com.vn\/vi\/wp-json\/wp\/v2\/pages"}],"about":[{"href":"https:\/\/pacificcross.com.vn\/vi\/wp-json\/wp\/v2\/types\/page"}],"author":[{"embeddable":true,"href":"https:\/\/pacificcross.com.vn\/vi\/wp-json\/wp\/v2\/users\/7"}],"replies":[{"embeddable":true,"href":"https:\/\/pacificcross.com.vn\/vi\/wp-json\/wp\/v2\/comments?post=34610"}],"version-history":[{"count":0,"href":"https:\/\/pacificcross.com.vn\/vi\/wp-json\/wp\/v2\/pages\/34610\/revisions"}],"wp:attachment":[{"href":"https:\/\/pacificcross.com.vn\/vi\/wp-json\/wp\/v2\/media?parent=34610"}],"curies":[{"name":"wp","href":"https:\/\/api.w.org\/{rel}","templated":true}]}}