{"id":34617,"date":"2022-05-12T11:09:03","date_gmt":"2022-05-12T04:09:03","guid":{"rendered":"https:\/\/pacificcross.com.vn\/?page_id=34617"},"modified":"2022-05-12T11:12:32","modified_gmt":"2022-05-12T04:12:32","slug":"xet-duyet-boi-thuong","status":"publish","type":"page","link":"https:\/\/pacificcross.com.vn\/vi\/xet-duyet-boi-thuong\/","title":{"rendered":"X\u00e9t duy\u1ec7t b\u1ed3i th\u01b0\u1eddng"},"content":{"rendered":"<h1><strong>X\u00e9t duy\u1ec7t b\u1ed3i th\u01b0\u1eddng<\/strong><\/h1>\n<div id=\"attachment_34477\" style=\"width: 472px\" class=\"wp-caption alignright\"><img aria-describedby=\"caption-attachment-34477\" loading=\"lazy\" class=\" wp-image-34477\" src=\"https:\/\/pacificcross.com.vn\/wp-content\/uploads\/2022\/05\/577216435-1-1024x735.jpg\" alt=\"claim adjudication tpa service\" width=\"462\" height=\"332\" srcset=\"https:\/\/pacificcross.com.vn\/wp-content\/uploads\/2022\/05\/577216435-1-1024x735.jpg 1024w, https:\/\/pacificcross.com.vn\/wp-content\/uploads\/2022\/05\/577216435-1-300x215.jpg 300w, https:\/\/pacificcross.com.vn\/wp-content\/uploads\/2022\/05\/577216435-1-768x551.jpg 768w, https:\/\/pacificcross.com.vn\/wp-content\/uploads\/2022\/05\/577216435-1-1536x1103.jpg 1536w, https:\/\/pacificcross.com.vn\/wp-content\/uploads\/2022\/05\/577216435-1-2048x1471.jpg 2048w\" sizes=\"(max-width: 462px) 100vw, 462px\" \/><p id=\"caption-attachment-34477\" class=\"wp-caption-text\">claim adjudication tpa service<\/p><\/div>\n<p>T\u1ea1i Pacific Cross Vi\u1ec7t Nam, c\u00e1c ho\u1ea1t \u0111\u1ed9ng x\u00e9t duy\u1ec7t b\u1ed3i th\u01b0\u1eddng cho d\u00f9 l\u00e0 \u0111\u01a1n gi\u1ea3n hay ph\u1ee9c t\u1ea1p \u0111\u1ec1u \u0111\u01b0\u1ee3c \u0111\u1ea3m b\u1ea3o t\u00ednh ch\u00ednh x\u00e1c, minh b\u1ea1ch b\u1edfi c\u00e1c chuy\u00ean vi\u00ean gi\u00e0u kinh nghi\u1ec7m.<\/p>\n<p>Ch\u00fang t\u00f4i c\u00f2n ch\u00fa tr\u1ecdng ph\u00e1t tri\u1ec3n c\u00e1c gi\u1ea3i ph\u00e1p c\u00f4ng ngh\u1ec7, nh\u1eb1m t\u0103ng s\u1ef1 ti\u1ec7n l\u1ee3i v\u00e0 tho\u1ea3i m\u00e1i cho c\u00e1c doanh nghi\u1ec7p \u0111\u1ed1i t\u00e1c c\u0169ng nh\u01b0 c\u00e1c kh\u00e1ch h\u00e0ng tham gia b\u1ea3o hi\u1ec3m c\u1ee7a h\u1ecd.<\/p>\n<p>\u0110i\u1ec3n h\u00ecnh l\u00e0 h\u1ec7 th\u1ed1ng <strong>Health E-talk<\/strong> \u2013 m\u1ed9t k\u00eanh li\u00ean l\u1ea1c hi\u1ec7n \u0111\u1ea1i, b\u1ea3o m\u1eadt ph\u00e2n c\u1ea5p, cho ph\u00e9p doanh nghi\u1ec7p theo d\u00f5i qu\u00e1 tr\u00ecnh x\u00e9t duy\u1ec7t\/ x\u1eed l\u00fd b\u1ed3i th\u01b0\u1eddng theo th\u1eddi gian th\u1ef1c hay \u1ee9ng d\u1ee5ng di \u0111\u1ed9ng <strong>HEALTH INSURE PACIFIC CROSS VN<\/strong> h\u1ed7 tr\u1ee3 kh\u00e1ch h\u00e0ng n\u1ed9p \u0111\u01a1n y\u00eau c\u1ea7u b\u1ed3i th\u01b0\u1eddng hay b\u1ed5 sung h\u1ed3 s\u01a1 tr\u1ef1c truy\u1ebfn m\u1ed9t c\u00e1ch nhanh ch\u00f3ng v\u00e0 d\u1ec5 d\u00e0ng.<\/p>\n<p><a href=\"https:\/\/pacificcross.com.vn\/vi\/lien-he\/\">Li\u00ean h\u1ec7 v\u1edbi ch\u00fang t\u00f4i<\/a> \u0111\u1ec3 bi\u1ebft th\u00eam th\u00f4ng tin chi ti\u1ebft v\u1ec1 d\u1ecbch v\u1ee5!<\/p>\n","protected":false},"excerpt":{"rendered":"<p>X\u00e9t duy\u1ec7t b\u1ed3i th\u01b0\u1eddng T\u1ea1i Pacific Cross Vi\u1ec7t Nam, c\u00e1c ho\u1ea1t \u0111\u1ed9ng x\u00e9t duy\u1ec7t b\u1ed3i th\u01b0\u1eddng cho d\u00f9 l\u00e0 \u0111\u01a1n gi\u1ea3n hay ph\u1ee9c t\u1ea1p \u0111\u1ec1u \u0111\u01b0\u1ee3c \u0111\u1ea3m b\u1ea3o t\u00ednh ch\u00ednh x\u00e1c, minh b\u1ea1ch b\u1edfi c\u00e1c chuy\u00ean vi\u00ean gi\u00e0u kinh nghi\u1ec7m. Ch\u00fang t\u00f4i c\u00f2n ch\u00fa tr\u1ecdng ph\u00e1t tri\u1ec3n c\u00e1c gi\u1ea3i ph\u00e1p c\u00f4ng ngh\u1ec7, nh\u1eb1m t\u0103ng s\u1ef1 [&hellip;]<\/p>\n","protected":false},"author":7,"featured_media":0,"parent":0,"menu_order":0,"comment_status":"closed","ping_status":"closed","template":"","meta":{"content-type":"","inline_featured_image":false},"acf":[],"_links":{"self":[{"href":"https:\/\/pacificcross.com.vn\/vi\/wp-json\/wp\/v2\/pages\/34617"}],"collection":[{"href":"https:\/\/pacificcross.com.vn\/vi\/wp-json\/wp\/v2\/pages"}],"about":[{"href":"https:\/\/pacificcross.com.vn\/vi\/wp-json\/wp\/v2\/types\/page"}],"author":[{"embeddable":true,"href":"https:\/\/pacificcross.com.vn\/vi\/wp-json\/wp\/v2\/users\/7"}],"replies":[{"embeddable":true,"href":"https:\/\/pacificcross.com.vn\/vi\/wp-json\/wp\/v2\/comments?post=34617"}],"version-history":[{"count":0,"href":"https:\/\/pacificcross.com.vn\/vi\/wp-json\/wp\/v2\/pages\/34617\/revisions"}],"wp:attachment":[{"href":"https:\/\/pacificcross.com.vn\/vi\/wp-json\/wp\/v2\/media?parent=34617"}],"curies":[{"name":"wp","href":"https:\/\/api.w.org\/{rel}","templated":true}]}}