{"id":34623,"date":"2022-05-12T12:02:56","date_gmt":"2022-05-12T05:02:56","guid":{"rendered":"https:\/\/pacificcross.com.vn\/?page_id=34623"},"modified":"2025-08-15T09:43:03","modified_gmt":"2025-08-15T02:43:03","slug":"dich-vu-cong-them-mien-phi","status":"publish","type":"page","link":"https:\/\/pacificcross.com.vn\/vi\/dich-vu-cong-them-mien-phi\/","title":{"rendered":"D\u1ecbch v\u1ee5 c\u1ed9ng th\u00eam &#8211; Mi\u1ec5n ph\u00ed"},"content":{"rendered":"<h1><strong>D\u1ecbch v\u1ee5 c\u1ed9ng th\u00eam &#8211; Mi\u1ec5n ph\u00ed<\/strong><\/h1>\n<h2><\/h2>\n<p>&nbsp;<\/p>\n<p>&nbsp;<\/p>\n<p><img loading=\"lazy\" class=\"wp-image-34494 alignleft\" src=\"https:\/\/pacificcross.com.vn\/wp-content\/uploads\/2022\/05\/718346401-1024x683.jpg\" alt=\"ph\u00e2n t\u00edch kinh doanh, qu\u1ea3n l\u00fd b\u1ea3o hi\u1ec3m, pacific cross vietnam\" width=\"425\" height=\"283\" srcset=\"https:\/\/pacificcross.com.vn\/wp-content\/uploads\/2022\/05\/718346401-1024x683.jpg 1024w, https:\/\/pacificcross.com.vn\/wp-content\/uploads\/2022\/05\/718346401-300x200.jpg 300w, https:\/\/pacificcross.com.vn\/wp-content\/uploads\/2022\/05\/718346401-768x512.jpg 768w, https:\/\/pacificcross.com.vn\/wp-content\/uploads\/2022\/05\/718346401-1536x1024.jpg 1536w, https:\/\/pacificcross.com.vn\/wp-content\/uploads\/2022\/05\/718346401-2048x1365.jpg 2048w\" sizes=\"(max-width: 425px) 100vw, 425px\" \/><\/p>\n<h2><strong>Ph\u00e2n t\u00edch kinh doanh<\/strong><\/h2>\n<p>T\u1eeb nh\u1eefng s\u1ed1 li\u1ec7u \u0111\u01a1n gi\u1ea3n nh\u1ea5t cho \u0111\u1ebfn c\u00e1c b\u00e1o c\u00e1o ph\u1ee9c t\u1ea1p c\u1ee7a m\u00f4 h\u00ecnh kinh doanh b\u1ea3o hi\u1ec3m hi\u1ec7n \u0111\u1ea1i, t\u1ea1i Pacific Cross Vi\u1ec7t Nam, ch\u00fang t\u00f4i lu\u00f4n n\u1ed7 l\u1ef1c \u0111\u1ec3 t\u00ecm ra gi\u1ea3i ph\u00e1p ph\u00f9 h\u1ee3p v\u00e0 hi\u1ec7u qu\u1ea3 \u0111\u1ed1i v\u1edbi t\u1eebng y\u00eau c\u1ea7u c\u1ee7a doanh nghi\u1ec7p.<\/p>\n<p>B\u00ean c\u1ea1nh c\u00e1c b\u00e1o c\u00e1o v\u1edbi giao di\u1ec7n linh ho\u1ea1t, th\u00e2n thi\u1ec7n v\u1edbi ng\u01b0\u1eddi xem, \u0111\u1ed9i ng\u0169 chuy\u00ean vi\u00ean c\u1ee7a ch\u00fang t\u00f4i c\u00f2n h\u1ed7 tr\u1ee3 v\u1edbi c\u00e1c ph\u00e2n t\u00edch chuy\u00ean s\u00e2u m\u1ed7i khi c\u1ea7n thi\u1ebft.<\/p>\n<p>V\u1edbi vi\u1ec7c kh\u00f4ng ng\u1eebng c\u1ea3i ti\u1ebfn v\u00e0 c\u1eadp nh\u1eadt c\u00e1c c\u00f4ng ngh\u1ec7 m\u1edbi v\u00e0o h\u1ec7 th\u1ed1ng, \u0111i\u1ec3n h\u00ecnh l\u00e0 c\u00f4ng ngh\u1ec7 Business Intelligence, ch\u00fang t\u00f4i hy v\u1ecdng c\u00f3 th\u1ec3 mang \u0111\u1ebfn m\u1ed9t d\u1ecbch v\u1ee5 Qu\u1ea3n l\u00fd b\u1ea3o hi\u1ec3m ho\u00e0n thi\u1ec7n nh\u1ea5t, h\u1ed7 tr\u1ee3 doanh nghi\u1ec7p trong vi\u1ec7c ph\u00e1t tri\u1ec3n kinh doanh hi\u1ec7u qu\u1ea3.<\/p>\n<p>&nbsp;<\/p>\n<p>&nbsp;<\/p>\n<p><img loading=\"lazy\" class=\"alignleft wp-image-34498\" src=\"https:\/\/pacificcross.com.vn\/wp-content\/uploads\/2022\/05\/1673711491-1024x684.jpg\" alt=\"d\u1ecbch v\u1ee5 kh\u00e1ch h\u00e0ng, tpa services, pacific cross vietnam\" width=\"424\" height=\"283\" srcset=\"https:\/\/pacificcross.com.vn\/wp-content\/uploads\/2022\/05\/1673711491-1024x684.jpg 1024w, https:\/\/pacificcross.com.vn\/wp-content\/uploads\/2022\/05\/1673711491-300x200.jpg 300w, https:\/\/pacificcross.com.vn\/wp-content\/uploads\/2022\/05\/1673711491-768x513.jpg 768w, https:\/\/pacificcross.com.vn\/wp-content\/uploads\/2022\/05\/1673711491-1536x1025.jpg 1536w, https:\/\/pacificcross.com.vn\/wp-content\/uploads\/2022\/05\/1673711491-2048x1367.jpg 2048w\" sizes=\"(max-width: 424px) 100vw, 424px\" \/><\/p>\n<h2><strong>D\u1ecbch v\u1ee5 kh\u00e1ch h\u00e0ng 24\/7<\/strong><\/h2>\n<p>Vi\u1ec7c x\u00e2y d\u1ef1ng m\u1ed9t \u0111\u1ed9i ng\u0169 d\u1ecbch v\u1ee5 kh\u00e1ch h\u00e0ng xuy\u00ean su\u1ed1t, chuy\u00ean nghi\u1ec7p l\u00e0 y\u00eau c\u1ea7u t\u1ea5t y\u1ebfu c\u1ee7a m\u1ed9t doanh nghi\u1ec7p b\u1ea3o hi\u1ec3m. V\u00ec tr\u1ea3i nghi\u1ec7m kh\u00e1ch h\u00e0ng c\u00f3 th\u1ec3 l\u00e0 th\u1ebf m\u1ea1nh \u0111\u00e1ng k\u1ec3 gi\u00fap doanh nghi\u1ec7p kh\u1eb3ng \u0111\u1ecbnh s\u1ef1 kh\u00e1c bi\u1ec7t tr\u00ean th\u1ecb tr\u01b0\u1eddng.<\/p>\n<p>L\u00e0 m\u1ed9t nh\u00e0 qu\u1ea3n l\u00fd b\u1ea3o hi\u1ec3m to\u00e0n di\u1ec7n, Pacific Cross Vi\u1ec7t Nam c\u00f3 th\u1ec3 gi\u00fap c\u00e1c doanh nghi\u1ec7p b\u1ea3o hi\u1ec3m ph\u1ee5c v\u1ee5 kh\u00e1ch h\u00e0ng m\u1ed9t c\u00e1ch t\u1ed1t h\u01a1n. V\u1edbi \u0111\u1ed9i ng\u0169 d\u1ecbch v\u1ee5 kh\u00e1ch h\u00e0ng t\u00fac tr\u1ef1c 24\/7\/365 tr\u00ean \u0111\u01b0\u1eddng d\u00e2y n\u00f3ng v\u00e0 h\u1ed9p th\u01b0 \u0111i\u1ec7n t\u1eed, ch\u00fang t\u00f4i lu\u00f4n \u0111\u1eb7t m\u00ecnh v\u00e0o v\u1ecb tr\u00ed c\u1ee7a kh\u00e1ch h\u00e0ng \u0111\u1ec3 gi\u1ea3i quy\u1ebft t\u1eebng v\u1ea5n \u0111\u1ec1 c\u1ee7a h\u1ecd, cho d\u00f9 \u0111\u00f3 l\u00e0 y\u00eau c\u1ea7u v\u1ec1 gi\u1ea3i quy\u1ebft b\u1ed3i th\u01b0\u1eddng, h\u1ed7 tr\u1ee3 kh\u1ea9n c\u1ea5p hay b\u1ea3o l\u00e3nh chi ph\u00ed y t\u1ebf,&#8230;<\/p>\n<p>&nbsp;<\/p>\n<p>&nbsp;<\/p>\n<p>&nbsp;<\/p>\n","protected":false},"excerpt":{"rendered":"<p>D\u1ecbch v\u1ee5 c\u1ed9ng th\u00eam &#8211; Mi\u1ec5n ph\u00ed &nbsp; &nbsp; Ph\u00e2n t\u00edch kinh doanh T\u1eeb nh\u1eefng s\u1ed1 li\u1ec7u \u0111\u01a1n gi\u1ea3n nh\u1ea5t cho \u0111\u1ebfn c\u00e1c b\u00e1o c\u00e1o ph\u1ee9c t\u1ea1p c\u1ee7a m\u00f4 h\u00ecnh kinh doanh b\u1ea3o hi\u1ec3m hi\u1ec7n \u0111\u1ea1i, t\u1ea1i Pacific Cross Vi\u1ec7t Nam, ch\u00fang t\u00f4i lu\u00f4n n\u1ed7 l\u1ef1c \u0111\u1ec3 t\u00ecm ra gi\u1ea3i ph\u00e1p ph\u00f9 h\u1ee3p v\u00e0 hi\u1ec7u [&hellip;]<\/p>\n","protected":false},"author":7,"featured_media":0,"parent":0,"menu_order":0,"comment_status":"closed","ping_status":"closed","template":"","meta":{"content-type":"","inline_featured_image":false},"acf":[],"_links":{"self":[{"href":"https:\/\/pacificcross.com.vn\/vi\/wp-json\/wp\/v2\/pages\/34623"}],"collection":[{"href":"https:\/\/pacificcross.com.vn\/vi\/wp-json\/wp\/v2\/pages"}],"about":[{"href":"https:\/\/pacificcross.com.vn\/vi\/wp-json\/wp\/v2\/types\/page"}],"author":[{"embeddable":true,"href":"https:\/\/pacificcross.com.vn\/vi\/wp-json\/wp\/v2\/users\/7"}],"replies":[{"embeddable":true,"href":"https:\/\/pacificcross.com.vn\/vi\/wp-json\/wp\/v2\/comments?post=34623"}],"version-history":[{"count":2,"href":"https:\/\/pacificcross.com.vn\/vi\/wp-json\/wp\/v2\/pages\/34623\/revisions"}],"predecessor-version":[{"id":111605,"href":"https:\/\/pacificcross.com.vn\/vi\/wp-json\/wp\/v2\/pages\/34623\/revisions\/111605"}],"wp:attachment":[{"href":"https:\/\/pacificcross.com.vn\/vi\/wp-json\/wp\/v2\/media?parent=34623"}],"curies":[{"name":"wp","href":"https:\/\/api.w.org\/{rel}","templated":true}]}}