{"id":34638,"date":"2022-05-12T14:51:05","date_gmt":"2022-05-12T07:51:05","guid":{"rendered":"https:\/\/pacificcross.com.vn\/?page_id=34638"},"modified":"2025-08-18T11:35:17","modified_gmt":"2025-08-18T04:35:17","slug":"dich-vu-cong-them-lua-chon","status":"publish","type":"page","link":"https:\/\/pacificcross.com.vn\/vi\/dich-vu-cong-them-lua-chon\/","title":{"rendered":"D\u1ecbch v\u1ee5 c\u1ed9ng th\u00eam &#8211; L\u1ef1a ch\u1ecdn, t\u00ednh ph\u00ed"},"content":{"rendered":"<h1><strong>D\u1ecbch v\u1ee5 c\u1ed9ng th\u00eam &#8211; L\u1ef1a ch\u1ecdn, t\u00ednh ph\u00ed<\/strong><\/h1>\n<p>&nbsp;<\/p>\n<p>&nbsp;<\/p>\n<h2><strong>H\u1ed7 tr\u1ee3 kh\u1ea9n c\u1ea5p to\u00e0n c\u1ea7u<\/strong><\/h2>\n<p><img loading=\"lazy\" class=\"size-full wp-image-34585 alignnone\" src=\"https:\/\/pacificcross.com.vn\/wp-content\/uploads\/2022\/05\/home-slider-3-768x329-1.jpg\" alt=\"emergency assistance, tpa s\" width=\"768\" height=\"329\" srcset=\"https:\/\/pacificcross.com.vn\/wp-content\/uploads\/2022\/05\/home-slider-3-768x329-1.jpg 768w, https:\/\/pacificcross.com.vn\/wp-content\/uploads\/2022\/05\/home-slider-3-768x329-1-300x129.jpg 300w\" sizes=\"(max-width: 768px) 100vw, 768px\" \/><\/p>\n<p>Tai n\u1ea1n, \u1ed1m \u0111au v\u00e0 nh\u1eefng r\u1ee7i ro kh\u00f4ng l\u01b0\u1eddng tr\u01b0\u1edbc c\u00f3 th\u1ec3 b\u1ea5t ch\u1ee3t x\u1ea3y \u0111\u1ebfn v\u1edbi c\u00e1c kh\u00e1ch h\u00e0ng\u00a0trong\u00a0nh\u1eefng chuy\u1ebfn \u0111i xa, \u0111\u1eb7c bi\u1ec7t l\u00e0\u00a0chuy\u1ebfn \u0111i qu\u1ed1c t\u1ebf. Nh\u01b0ng Pacific Cross Vi\u1ec7t Nam c\u00f3 th\u1ec3 h\u1ed7 tr\u1ee3 kh\u00e1ch h\u00e0ng c\u1ee7a b\u1ea1n trong nh\u1eefng t\u00ecnh hu\u1ed1ng\u00a0kh\u00f3 kh\u0103n n\u00e0y.<\/p>\n<p>B\u1eb1ng c\u00e1ch \u0111\u0103ng k\u00fd\u00a0<b>D\u1ecbch v\u1ee5 H\u1ed7 tr\u1ee3 Kh\u1ea9n c\u1ea5p<\/b>, kh\u00e1ch h\u00e0ng c\u1ee7a b\u1ea1n c\u00f3 th\u1ec3 y\u00ean t\u00e2m khi \u0111i \u0111\u1ebfn m\u1ecdi n\u01a1i tr\u00ean th\u1ebf gi\u1edbi. Sau l\u01b0ng h\u1ecd, lu\u00f4n c\u00f3 m\u1ed9t \u0111\u1ed9i ng\u0169\u00a0h\u1ed7 tr\u1ee3\u00a0<b>24\/7\/365<\/b>\u00a0tr\u00ean to\u00e0n th\u1ebf gi\u1edbi v\u1edbi\u00a0h\u01a1n\u00a0<b>276.000+ nh\u00e0 cung c\u1ea5p d\u1ecbch v\u1ee5 y khoa<\/b>\u00a0tr\u00ean kh\u1eafp 120 qu\u1ed1c gia.<\/p>\n<p>B\u1ea5t c\u1ee9 khi n\u00e0o\u00a0kh\u00e1ch h\u00e0ng c\u1ee7a b\u1ea1n c\u1ea7n h\u1ed7 tr\u1ee3\u00a0kh\u1ea9n c\u1ea5p, h\u1ed3i h\u01b0\u01a1ng thi h\u00e0i, \u0111\u01b0a tr\u1ebb em v\u1ec1 n\u01b0\u1edbc,\u2026 ch\u1ec9 c\u1ea7n m\u1ed9t cu\u1ed9c \u0111i\u1ec7n tho\u1ea1i, ch\u00fang t\u00f4i s\u1ebd\u00a0h\u1ed7 tr\u1ee3 h\u1ecd ngay l\u1eadp t\u1ee9c.<\/p>\n<p><i>* Pacific Cross Vi\u1ec7t Nam l\u00e0 m\u1ed9t nh\u00e0 qu\u1ea3n l\u00fd, cung c\u1ea5p b\u1ea3o hi\u1ec3m s\u1ee9c kh\u1ecfe, b\u1ea3o hi\u1ec3m du l\u1ecbch h\u00e0ng \u0111\u1ea7u v\u00e0 l\u00e0 m\u1ed9t \u0111\u1ed1i t\u00e1c n\u00f2ng c\u1ed1t c\u1ee7a <\/i><b><i><a href=\"https:\/\/www.international-assistance-group.com\/\">Hi\u1ec7p h\u1ed9i H\u1ed7 tr\u1ee3 Qu\u1ed1c t\u1ebf (International Assistance Group &#8211; IAG).<\/a><\/i><\/b><\/p>\n<p>&nbsp;<\/p>\n<p>&nbsp;<\/p>\n<h2><strong>N\u1ec1n t\u1ea3ng k\u1ef9 thu\u1eadt s\u1ed1<\/strong><\/h2>\n<p><img loading=\"lazy\" class=\"alignnone wp-image-111506\" src=\"https:\/\/pacificcross.com.vn\/wp-content\/uploads\/2025\/08\/1-300x169.jpg\" alt=\"\" width=\"775\" height=\"437\" srcset=\"https:\/\/pacificcross.com.vn\/wp-content\/uploads\/2025\/08\/1-300x169.jpg 300w, https:\/\/pacificcross.com.vn\/wp-content\/uploads\/2025\/08\/1-1024x577.jpg 1024w, https:\/\/pacificcross.com.vn\/wp-content\/uploads\/2025\/08\/1-768x432.jpg 768w, https:\/\/pacificcross.com.vn\/wp-content\/uploads\/2025\/08\/1-1536x865.jpg 1536w, https:\/\/pacificcross.com.vn\/wp-content\/uploads\/2025\/08\/1.jpg 2048w\" sizes=\"(max-width: 775px) 100vw, 775px\" \/><\/p>\n<p>M\u1ecdi l\u0129nh v\u1ef1c \u0111\u1ec1u h\u01b0\u1edbng \u0111\u1ebfn s\u1ed1 h\u00f3a v\u00e0 ng\u00e0nh b\u1ea3o hi\u1ec3m c\u0169ng v\u1eady.<\/p>\n<p>D\u00f9 doanh nghi\u1ec7p \u0111ang h\u01b0\u1edbng \u0111\u1ebfn vi\u1ec7c tinh gi\u1ea3n hay hi\u1ec7n \u0111\u1ea1i h\u00f3a quy tr\u00ecnh ho\u1ea1t \u0111\u1ed9ng, Pacific Cross Vi\u1ec7t Nam lu\u00f4n s\u1eb5n s\u00e0ng \u0111\u1ec3 h\u1ed7 tr\u1ee3.<\/p>\n<p>Trong quan h\u1ec7 \u0111\u1ed1i t\u00e1c, ch\u00fang t\u00f4i h\u01b0\u1edbng \u0111\u1ebfn quy tr\u00ecnh l\u00e0m vi\u1ec7c chu\u1ea9n, minh b\u1ea1ch v\u00e0 hi\u1ec7n \u0111\u1ea1i v\u1edbi c\u00e1c h\u1ec7 th\u1ed1ng qu\u1ea3n l\u00fd nh\u01b0 HBS (H\u1ec7 th\u1ed1ng qu\u1ea3n l\u00fd quy\u1ec1n l\u1ee3i b\u1ea3o hi\u1ec3m), Health E-talk (H\u1ec7 th\u1ed1ng theo d\u00f5i quy tr\u00ecnh x\u00e9t duy\u1ec7t b\u1ed3i th\u01b0\u1eddng theo th\u1eddi gian th\u1ef1c), Integration API Underwriting &amp; Claim (T\u00edch h\u1ee3p giao di\u1ec7n l\u1eadp tr\u00ecnh \u1ee9ng d\u1ee5ng th\u1ea9m \u0111\u1ecbnh r\u1ee7i ro v\u00e0 x\u00e9t duy\u1ec7t b\u1ed3i th\u01b0\u1eddng),&#8230;<\/p>\n<p>C\u00e1c n\u1ec1n t\u1ea3ng s\u1ed1 c\u1ee7a ch\u00fang t\u00f4i c\u00f2n \u0111\u01b0\u1ee3c x\u00e2y d\u1ef1ng nh\u1eb1m mang \u0111\u1ebfn s\u1ef1 ti\u1ec7n l\u1ee3i v\u00e0 h\u00e0i l\u00f2ng c\u1ee7a kh\u00e1ch h\u00e0ng khi tr\u1ea3i nghi\u1ec7m d\u1ecbch v\u1ee5. M\u1ed9t trong s\u1ed1\u0111\u00f3 l\u00e0 \u1ee9ng d\u1ee5ng di \u0111\u1ed9ng HEALTH INSURE PACIFIC CROSS VN \u0111\u01b0\u1ee3c ph\u00e1t tri\u1ec3n b\u1edfi \u0111\u1ed9i ng\u0169 l\u1eadp tr\u00ecnh vi\u00ean c\u1ee7a ch\u00fang t\u00f4i. \u1ee8ng d\u1ee5ng cho ph\u00e9p ng\u01b0\u1eddi tham gia b\u1ea3o hi\u1ec3m th\u1ef1c hi\u1ec7n nhi\u1ec1u thao t\u00e1c, bao g\u1ed3m vi\u1ec7c n\u1ed9p \u0111\u01a1n y\u00eau c\u1ea7u b\u1ed3i th\u01b0\u1eddng nhanh ch\u00f3ng v\u00e0 d\u1ec5 d\u00e0ng.<\/p>\n<p>&nbsp;<\/p>\n<h2><strong>B\u1ea3o l\u00e3nh chi ph\u00ed y t\u1ebf<\/strong><\/h2>\n<p><img loading=\"lazy\" class=\"size-full wp-image-34589 alignnone\" src=\"https:\/\/pacificcross.com.vn\/wp-content\/uploads\/2022\/05\/spain-healthcare-2020-600x400-1.jpeg\" alt=\"medical provider network, \" width=\"600\" height=\"400\" srcset=\"https:\/\/pacificcross.com.vn\/wp-content\/uploads\/2022\/05\/spain-healthcare-2020-600x400-1.jpeg 600w, https:\/\/pacificcross.com.vn\/wp-content\/uploads\/2022\/05\/spain-healthcare-2020-600x400-1-300x200.jpeg 300w\" sizes=\"(max-width: 600px) 100vw, 600px\" \/><\/p>\n<p>Hi\u1ec7n nay, nhu c\u1ea7u kh\u00e1m ch\u1eefa b\u1ec7nh t\u0103ng cao v\u00e0 d\u1ecbch v\u1ee5 b\u1ea3o l\u00e3nh chi ph\u00ed y t\u1ebf tr\u1edf th\u00e0nh m\u1ed9t nhu c\u1ea7u ph\u1ed5 bi\u1ebfn \u0111\u1ed1i v\u1edbi c\u00e1c kh\u00e1ch h\u00e0ng tham gia b\u1ea3o hi\u1ec3m.<\/p>\n<p>\u0110\u1ec3 \u0111\u00e1p \u1ee9ng nhu c\u1ea7u \u0111\u00f3 v\u00e0 t\u1ea1o \u0111i\u1ec1u ki\u1ec7n ch\u0103m s\u00f3c s\u1ee9c kh\u1ecfe t\u1ed1t h\u01a1n cho c\u00e1c kh\u00e1ch h\u00e0ng, doanh nghi\u1ec7p c\u00f3 th\u1ec3 \u0111\u1ed3ng h\u00e0nh c\u00f9ng Pacific Cross Vi\u1ec7t Nam. Ch\u00fang t\u00f4i s\u1edf h\u1eefu m\u1ea1ng l\u01b0\u1edbi b\u1ea3o l\u00e3nh chi ph\u00ed y t\u1ebf r\u1ed9ng l\u1edbn, v\u1edbi h\u01a1n<\/p>\n<p><span class=\"a_GcMg font-feature-liga-off font-feature-clig-off font-feature-calt-off text-decoration-none text-strikethrough-none\">&#8211; Top 1 v\u1ec1 m\u1ea1ng l\u01b0\u1edbi c\u01a1 s\u1edf y t\u1ebf v\u1edbi <strong>600<\/strong> c\u01a1 s\u1edf y t\u1ebf c\u00f4ng l\u1eadp v\u00e0 t\u01b0 nh\u00e2n<\/span><\/p>\n<p>&#8211; H\u01a1n <b><span class=\"a_GcMg font-feature-liga-off font-feature-clig-off font-feature-calt-off text-decoration-none text-strikethrough-none\">276.000+ <\/span><\/b><span class=\"a_GcMg font-feature-liga-off font-feature-clig-off font-feature-calt-off text-decoration-none text-strikethrough-none\">nh\u00e0 cung c\u1ea5p d\u1ecbch v\u1ee5 y t\u1ebf t\u1ea1i tr\u00ean 120 qu\u1ed1c gia v\u00e0 5 ch\u00e2u l\u1ee5c th\u00f4ng qua quan h\u1ec7 h\u1ee3p t\u00e1c v\u1edbi International Assistance Group<\/span><\/p>\n<p>D\u00f9 ch\u01b0\u01a1ng tr\u00ecnh b\u1ea3o hi\u1ec3m c\u1ee7a doanh nghi\u1ec7p c\u00f3 ph\u1ea1m vi trong n\u01b0\u1edbc hay qu\u1ed1c t\u1ebf, ch\u00fang t\u00f4i c\u0169ng c\u00f3 th\u1ec3 h\u1ed7 tr\u1ee3 m\u1ed9t c\u00e1ch t\u1ed1t nh\u1ea5t.<\/p>\n<p>Danh s\u00e1ch c\u00e1c b\u1ec7nh vi\u1ec7n\/ ph\u00f2ng kh\u00e1m \u0111\u1ed1i t\u00e1c c\u1ee7a ch\u00fang t\u00f4i: <a href=\"https:\/\/pacificcross.com.vn\/medical-provider\/\">https:\/\/pacificcross.com.vn\/medical-provider\/<\/a><\/p>\n<p>&nbsp;<\/p>\n<p><a href=\"https:\/\/pacificcross.com.vn\/vi\/lien-he\/\">Li\u00ean h\u1ec7 ch\u00fang t\u00f4i<\/a> \u0111\u1ec3 hi\u1ec3u h\u01a1n v\u1ec1 th\u00f4ng tin chi ti\u1ebft c\u1ee7a c\u00e1c d\u1ecbch v\u1ee5!<\/p>\n","protected":false},"excerpt":{"rendered":"<p>D\u1ecbch v\u1ee5 c\u1ed9ng th\u00eam &#8211; L\u1ef1a ch\u1ecdn, t\u00ednh ph\u00ed &nbsp; &nbsp; H\u1ed7 tr\u1ee3 kh\u1ea9n c\u1ea5p to\u00e0n c\u1ea7u Tai n\u1ea1n, \u1ed1m \u0111au v\u00e0 nh\u1eefng r\u1ee7i ro kh\u00f4ng l\u01b0\u1eddng tr\u01b0\u1edbc c\u00f3 th\u1ec3 b\u1ea5t ch\u1ee3t x\u1ea3y \u0111\u1ebfn v\u1edbi c\u00e1c kh\u00e1ch h\u00e0ng\u00a0trong\u00a0nh\u1eefng chuy\u1ebfn \u0111i xa, \u0111\u1eb7c bi\u1ec7t l\u00e0\u00a0chuy\u1ebfn \u0111i qu\u1ed1c t\u1ebf. Nh\u01b0ng Pacific Cross Vi\u1ec7t Nam c\u00f3 th\u1ec3 h\u1ed7 [&hellip;]<\/p>\n","protected":false},"author":7,"featured_media":0,"parent":0,"menu_order":0,"comment_status":"closed","ping_status":"closed","template":"","meta":{"content-type":"","inline_featured_image":false},"acf":[],"_links":{"self":[{"href":"https:\/\/pacificcross.com.vn\/vi\/wp-json\/wp\/v2\/pages\/34638"}],"collection":[{"href":"https:\/\/pacificcross.com.vn\/vi\/wp-json\/wp\/v2\/pages"}],"about":[{"href":"https:\/\/pacificcross.com.vn\/vi\/wp-json\/wp\/v2\/types\/page"}],"author":[{"embeddable":true,"href":"https:\/\/pacificcross.com.vn\/vi\/wp-json\/wp\/v2\/users\/7"}],"replies":[{"embeddable":true,"href":"https:\/\/pacificcross.com.vn\/vi\/wp-json\/wp\/v2\/comments?post=34638"}],"version-history":[{"count":7,"href":"https:\/\/pacificcross.com.vn\/vi\/wp-json\/wp\/v2\/pages\/34638\/revisions"}],"predecessor-version":[{"id":111844,"href":"https:\/\/pacificcross.com.vn\/vi\/wp-json\/wp\/v2\/pages\/34638\/revisions\/111844"}],"wp:attachment":[{"href":"https:\/\/pacificcross.com.vn\/vi\/wp-json\/wp\/v2\/media?parent=34638"}],"curies":[{"name":"wp","href":"https:\/\/api.w.org\/{rel}","templated":true}]}}