{"id":4412,"date":"2020-11-25T09:06:05","date_gmt":"2020-11-25T09:06:05","guid":{"rendered":"https:\/\/pacific-cross-wp.eastplayers.io\/screenings-and-preventative-care\/"},"modified":"2021-07-16T16:08:26","modified_gmt":"2021-07-16T09:08:26","slug":"screenings-and-preventative-care","status":"publish","type":"page","link":"https:\/\/pacificcross.com.vn\/vi\/screenings-and-preventative-care\/","title":{"rendered":"T\u1ea7m so\u00e1t v\u00e0 ch\u0103m s\u00f3c ph\u00f2ng ng\u1eeba"},"content":{"rendered":"","protected":false},"excerpt":{"rendered":"","protected":false},"author":1,"featured_media":2721,"parent":0,"menu_order":0,"comment_status":"closed","ping_status":"closed","template":"part-templates\/policy-for-life.php","meta":{"content-type":"","inline_featured_image":false},"acf":[],"_links":{"self":[{"href":"https:\/\/pacificcross.com.vn\/vi\/wp-json\/wp\/v2\/pages\/4412"}],"collection":[{"href":"https:\/\/pacificcross.com.vn\/vi\/wp-json\/wp\/v2\/pages"}],"about":[{"href":"https:\/\/pacificcross.com.vn\/vi\/wp-json\/wp\/v2\/types\/page"}],"author":[{"embeddable":true,"href":"https:\/\/pacificcross.com.vn\/vi\/wp-json\/wp\/v2\/users\/1"}],"replies":[{"embeddable":true,"href":"https:\/\/pacificcross.com.vn\/vi\/wp-json\/wp\/v2\/comments?post=4412"}],"version-history":[{"count":0,"href":"https:\/\/pacificcross.com.vn\/vi\/wp-json\/wp\/v2\/pages\/4412\/revisions"}],"wp:featuredmedia":[{"embeddable":true,"href":"https:\/\/pacificcross.com.vn\/vi\/wp-json\/wp\/v2\/media\/2721"}],"wp:attachment":[{"href":"https:\/\/pacificcross.com.vn\/vi\/wp-json\/wp\/v2\/media?parent=4412"}],"curies":[{"name":"wp","href":"https:\/\/api.w.org\/{rel}","templated":true}]}}