{"id":5766,"date":"2021-01-05T03:20:21","date_gmt":"2021-01-05T03:20:21","guid":{"rendered":"https:\/\/pacific-cross-wp.eastplayers.io\/?page_id=5766"},"modified":"2021-01-05T03:27:18","modified_gmt":"2021-01-05T03:27:18","slug":"day-la-page-tsst","status":"publish","type":"page","link":"https:\/\/pacificcross.com.vn\/vi\/day-la-page-tsst\/","title":{"rendered":"\u0111\u00e2y l\u00e0 page tsst"},"content":{"rendered":"<h2>hahahahahaha<\/h2>\n","protected":false},"excerpt":{"rendered":"<p>hahahahahaha<\/p>\n","protected":false},"author":1,"featured_media":0,"parent":0,"menu_order":0,"comment_status":"closed","ping_status":"closed","template":"part-templates\/health_Wellness_nformation.php","meta":{"content-type":"","inline_featured_image":false},"acf":[],"_links":{"self":[{"href":"https:\/\/pacificcross.com.vn\/vi\/wp-json\/wp\/v2\/pages\/5766"}],"collection":[{"href":"https:\/\/pacificcross.com.vn\/vi\/wp-json\/wp\/v2\/pages"}],"about":[{"href":"https:\/\/pacificcross.com.vn\/vi\/wp-json\/wp\/v2\/types\/page"}],"author":[{"embeddable":true,"href":"https:\/\/pacificcross.com.vn\/vi\/wp-json\/wp\/v2\/users\/1"}],"replies":[{"embeddable":true,"href":"https:\/\/pacificcross.com.vn\/vi\/wp-json\/wp\/v2\/comments?post=5766"}],"version-history":[{"count":0,"href":"https:\/\/pacificcross.com.vn\/vi\/wp-json\/wp\/v2\/pages\/5766\/revisions"}],"wp:attachment":[{"href":"https:\/\/pacificcross.com.vn\/vi\/wp-json\/wp\/v2\/media?parent=5766"}],"curies":[{"name":"wp","href":"https:\/\/api.w.org\/{rel}","templated":true}]}}